{"id":66,"date":"2025-03-13T15:07:30","date_gmt":"2025-03-13T14:07:30","guid":{"rendered":"https:\/\/elolivorestaurant.com\/?page_id=66"},"modified":"2025-03-16T02:13:45","modified_gmt":"2025-03-16T01:13:45","slug":"esdeveniments","status":"publish","type":"page","link":"https:\/\/elolivorestaurant.com\/es\/esdeveniments\/","title":{"rendered":"Eventos"},"content":{"rendered":"<div data-elementor-type=\"wp-page\" data-elementor-id=\"66\" class=\"elementor elementor-66\" data-elementor-post-type=\"page\">\n\t\t\t\t<div class=\"elementor-element elementor-element-eabb0e9 e-flex e-con-boxed e-con e-parent\" data-id=\"eabb0e9\" data-element_type=\"container\" data-e-type=\"container\" data-settings=\"{&quot;background_background&quot;:&quot;classic&quot;}\">\n\t\t\t\t\t<div class=\"e-con-inner\">\n\t\t<div class=\"elementor-element elementor-element-8ba0053 e-con-full e-flex e-con e-child\" data-id=\"8ba0053\" data-element_type=\"container\" data-e-type=\"container\">\n\t\t\t\t<div class=\"elementor-element elementor-element-dccdcd7 elementor-widget elementor-widget-heading\" data-id=\"dccdcd7\" data-element_type=\"widget\" data-e-type=\"widget\" data-widget_type=\"heading.default\">\n\t\t\t\t<div class=\"elementor-widget-container\">\n\t\t\t\t\t<h1 class=\"elementor-heading-title elementor-size-default\">Eventos<\/h1>\t\t\t\t<\/div>\n\t\t\t\t<\/div>\n\t\t\t\t<\/div>\n\t\t\t\t\t<\/div>\n\t\t\t\t<\/div>\n\t\t<div class=\"elementor-element elementor-element-033beca e-flex e-con-boxed e-con e-parent\" data-id=\"033beca\" data-element_type=\"container\" data-e-type=\"container\">\n\t\t\t\t\t<div class=\"e-con-inner\">\n\t\t<div class=\"elementor-element elementor-element-9501809 e-con-full e-flex e-con e-child\" data-id=\"9501809\" data-element_type=\"container\" data-e-type=\"container\">\n\t\t<div class=\"elementor-element elementor-element-5232578 e-con-full e-flex e-con e-child\" data-id=\"5232578\" data-element_type=\"container\" data-e-type=\"container\">\n\t\t<div class=\"elementor-element elementor-element-fad1e47 e-con-full e-flex e-con e-child\" data-id=\"fad1e47\" data-element_type=\"container\" data-e-type=\"container\">\n\t\t\t\t<div class=\"elementor-element elementor-element-905c547 animated-slow elementor-invisible elementor-widget elementor-widget-heading\" data-id=\"905c547\" data-element_type=\"widget\" data-e-type=\"widget\" data-settings=\"{&quot;_animation&quot;:&quot;fadeIn&quot;}\" data-widget_type=\"heading.default\">\n\t\t\t\t<div class=\"elementor-widget-container\">\n\t\t\t\t\t<h2 class=\"elementor-heading-title elementor-size-default\">Celebra momentos \u00fanicos con nosotros<\/h2>\t\t\t\t<\/div>\n\t\t\t\t<\/div>\n\t\t\t\t<div class=\"elementor-element elementor-element-072176d animated-slow elementor-invisible elementor-widget elementor-widget-heading\" data-id=\"072176d\" data-element_type=\"widget\" data-e-type=\"widget\" data-settings=\"{&quot;_animation&quot;:&quot;fadeIn&quot;}\" data-widget_type=\"heading.default\">\n\t\t\t\t<div class=\"elementor-widget-container\">\n\t\t\t\t\t<h6 class=\"elementor-heading-title elementor-size-default\">Nuestra filosof\u00eda de trabajo es adaptarnos a los gustos del cliente y al tipo de evento que quiera realizar. <\/h6>\t\t\t\t<\/div>\n\t\t\t\t<\/div>\n\t\t\t\t<div class=\"elementor-element elementor-element-e44282e elementor-absolute elementor-widget elementor-widget-heading\" data-id=\"e44282e\" data-element_type=\"widget\" data-e-type=\"widget\" data-settings=\"{&quot;_position&quot;:&quot;absolute&quot;}\" data-widget_type=\"heading.default\">\n\t\t\t\t<div class=\"elementor-widget-container\">\n\t\t\t\t\t<h5 class=\"elementor-heading-title elementor-size-default\">EVENTOS<\/h5>\t\t\t\t<\/div>\n\t\t\t\t<\/div>\n\t\t\t\t<\/div>\n\t\t\t\t<\/div>\n\t\t\t\t<\/div>\n\t\t\t\t\t<\/div>\n\t\t\t\t<\/div>\n\t\t<div class=\"elementor-element elementor-element-3065ca7 e-flex e-con-boxed e-con e-parent\" data-id=\"3065ca7\" data-element_type=\"container\" data-e-type=\"container\">\n\t\t\t\t\t<div class=\"e-con-inner\">\n\t\t\t\t<div class=\"elementor-element elementor-element-13cdc3e elementor-widget elementor-widget-gallery\" data-id=\"13cdc3e\" data-element_type=\"widget\" data-e-type=\"widget\" data-settings=\"{&quot;lazyload&quot;:&quot;yes&quot;,&quot;gallery_layout&quot;:&quot;grid&quot;,&quot;columns&quot;:4,&quot;columns_tablet&quot;:2,&quot;columns_mobile&quot;:1,&quot;gap&quot;:{&quot;unit&quot;:&quot;px&quot;,&quot;size&quot;:10,&quot;sizes&quot;:[]},&quot;gap_laptop&quot;:{&quot;unit&quot;:&quot;px&quot;,&quot;size&quot;:10,&quot;sizes&quot;:[]},&quot;gap_tablet_extra&quot;:{&quot;unit&quot;:&quot;px&quot;,&quot;size&quot;:10,&quot;sizes&quot;:[]},&quot;gap_tablet&quot;:{&quot;unit&quot;:&quot;px&quot;,&quot;size&quot;:10,&quot;sizes&quot;:[]},&quot;gap_mobile_extra&quot;:{&quot;unit&quot;:&quot;px&quot;,&quot;size&quot;:10,&quot;sizes&quot;:[]},&quot;gap_mobile&quot;:{&quot;unit&quot;:&quot;px&quot;,&quot;size&quot;:10,&quot;sizes&quot;:[]},&quot;link_to&quot;:&quot;file&quot;,&quot;aspect_ratio&quot;:&quot;3:2&quot;,&quot;overlay_background&quot;:&quot;yes&quot;,&quot;content_hover_animation&quot;:&quot;fade-in&quot;}\" data-widget_type=\"gallery.default\">\n\t\t\t\t<div class=\"elementor-widget-container\">\n\t\t\t\t\t\t\t<div class=\"elementor-gallery__container\">\n\t\t\t\t\t\t\t<a class=\"e-gallery-item elementor-gallery-item elementor-animated-content\" href=\"https:\/\/elolivorestaurant.com\/wp-content\/uploads\/2025\/03\/IMG_5556.jpeg\" data-elementor-open-lightbox=\"yes\" data-elementor-lightbox-slideshow=\"13cdc3e\" data-e-action-hash=\"#elementor-action%3Aaction%3Dlightbox%26settings%3DeyJpZCI6MjQ5LCJ1cmwiOiJodHRwczpcL1wvZWxvbGl2b3Jlc3RhdXJhbnQuY29tXC93cC1jb250ZW50XC91cGxvYWRzXC8yMDI1XC8wM1wvSU1HXzU1NTYuanBlZyIsInNsaWRlc2hvdyI6IjEzY2RjM2UifQ%3D%3D\">\n\t\t\t\t\t<div class=\"e-gallery-image elementor-gallery-item__image\" data-thumbnail=\"https:\/\/elolivorestaurant.com\/wp-content\/uploads\/2025\/03\/IMG_5556.jpeg\" data-width=\"1152\" data-height=\"768\" aria-label=\"plato resto en Barcelona\" role=\"img\" ><\/div>\n\t\t\t\t\t\t\t\t\t\t\t<div class=\"elementor-gallery-item__overlay\"><\/div>\n\t\t\t\t\t\t\t\t\t\t\t\t\t\t<\/a>\n\t\t\t\t\t\t\t<a class=\"e-gallery-item elementor-gallery-item elementor-animated-content\" href=\"https:\/\/elolivorestaurant.com\/wp-content\/uploads\/2025\/03\/IMG_5867.jpeg\" data-elementor-open-lightbox=\"yes\" data-elementor-lightbox-slideshow=\"13cdc3e\" data-e-action-hash=\"#elementor-action%3Aaction%3Dlightbox%26settings%3DeyJpZCI6MjUyLCJ1cmwiOiJodHRwczpcL1wvZWxvbGl2b3Jlc3RhdXJhbnQuY29tXC93cC1jb250ZW50XC91cGxvYWRzXC8yMDI1XC8wM1wvSU1HXzU4NjcuanBlZyIsInNsaWRlc2hvdyI6IjEzY2RjM2UifQ%3D%3D\">\n\t\t\t\t\t<div class=\"e-gallery-image elementor-gallery-item__image\" data-thumbnail=\"https:\/\/elolivorestaurant.com\/wp-content\/uploads\/2025\/03\/IMG_5867.jpeg\" data-width=\"1152\" data-height=\"768\" aria-label=\"plato resto\" role=\"img\" ><\/div>\n\t\t\t\t\t\t\t\t\t\t\t<div class=\"elementor-gallery-item__overlay\"><\/div>\n\t\t\t\t\t\t\t\t\t\t\t\t\t\t<\/a>\n\t\t\t\t\t\t\t<a class=\"e-gallery-item elementor-gallery-item elementor-animated-content\" href=\"https:\/\/elolivorestaurant.com\/wp-content\/uploads\/2025\/03\/IMG_6696.jpeg\" data-elementor-open-lightbox=\"yes\" data-elementor-lightbox-slideshow=\"13cdc3e\" data-e-action-hash=\"#elementor-action%3Aaction%3Dlightbox%26settings%3DeyJpZCI6MjU5LCJ1cmwiOiJodHRwczpcL1wvZWxvbGl2b3Jlc3RhdXJhbnQuY29tXC93cC1jb250ZW50XC91cGxvYWRzXC8yMDI1XC8wM1wvSU1HXzY2OTYuanBlZyIsInNsaWRlc2hvdyI6IjEzY2RjM2UifQ%3D%3D\">\n\t\t\t\t\t<div class=\"e-gallery-image elementor-gallery-item__image\" data-thumbnail=\"https:\/\/elolivorestaurant.com\/wp-content\/uploads\/2025\/03\/IMG_6696.jpeg\" data-width=\"1152\" data-height=\"768\" aria-label=\"plato resto\" role=\"img\" ><\/div>\n\t\t\t\t\t\t\t\t\t\t\t<div class=\"elementor-gallery-item__overlay\"><\/div>\n\t\t\t\t\t\t\t\t\t\t\t\t\t\t<\/a>\n\t\t\t\t\t\t\t<a class=\"e-gallery-item elementor-gallery-item elementor-animated-content\" href=\"https:\/\/elolivorestaurant.com\/wp-content\/uploads\/2025\/03\/IMG_6544.jpeg\" data-elementor-open-lightbox=\"yes\" data-elementor-lightbox-slideshow=\"13cdc3e\" data-e-action-hash=\"#elementor-action%3Aaction%3Dlightbox%26settings%3DeyJpZCI6MjU2LCJ1cmwiOiJodHRwczpcL1wvZWxvbGl2b3Jlc3RhdXJhbnQuY29tXC93cC1jb250ZW50XC91cGxvYWRzXC8yMDI1XC8wM1wvSU1HXzY1NDQuanBlZyIsInNsaWRlc2hvdyI6IjEzY2RjM2UifQ%3D%3D\">\n\t\t\t\t\t<div class=\"e-gallery-image elementor-gallery-item__image\" data-thumbnail=\"https:\/\/elolivorestaurant.com\/wp-content\/uploads\/2025\/03\/IMG_6544.jpeg\" data-width=\"1152\" data-height=\"768\" aria-label=\"plato resto\" role=\"img\" ><\/div>\n\t\t\t\t\t\t\t\t\t\t\t<div class=\"elementor-gallery-item__overlay\"><\/div>\n\t\t\t\t\t\t\t\t\t\t\t\t\t\t<\/a>\n\t\t\t\t\t\t\t<a class=\"e-gallery-item elementor-gallery-item elementor-animated-content\" href=\"https:\/\/elolivorestaurant.com\/wp-content\/uploads\/2025\/03\/IMG_5562.jpeg\" data-elementor-open-lightbox=\"yes\" data-elementor-lightbox-slideshow=\"13cdc3e\" data-e-action-hash=\"#elementor-action%3Aaction%3Dlightbox%26settings%3DeyJpZCI6MjUwLCJ1cmwiOiJodHRwczpcL1wvZWxvbGl2b3Jlc3RhdXJhbnQuY29tXC93cC1jb250ZW50XC91cGxvYWRzXC8yMDI1XC8wM1wvSU1HXzU1NjIuanBlZyIsInNsaWRlc2hvdyI6IjEzY2RjM2UifQ%3D%3D\">\n\t\t\t\t\t<div class=\"e-gallery-image elementor-gallery-item__image\" data-thumbnail=\"https:\/\/elolivorestaurant.com\/wp-content\/uploads\/2025\/03\/IMG_5562.jpeg\" data-width=\"512\" data-height=\"768\" aria-label=\"plato resto en Barcelona\" role=\"img\" ><\/div>\n\t\t\t\t\t\t\t\t\t\t\t<div class=\"elementor-gallery-item__overlay\"><\/div>\n\t\t\t\t\t\t\t\t\t\t\t\t\t\t<\/a>\n\t\t\t\t\t\t\t<a class=\"e-gallery-item elementor-gallery-item elementor-animated-content\" href=\"https:\/\/elolivorestaurant.com\/wp-content\/uploads\/2025\/03\/IMG_5671.jpeg\" data-elementor-open-lightbox=\"yes\" data-elementor-lightbox-slideshow=\"13cdc3e\" data-e-action-hash=\"#elementor-action%3Aaction%3Dlightbox%26settings%3DeyJpZCI6MjUxLCJ1cmwiOiJodHRwczpcL1wvZWxvbGl2b3Jlc3RhdXJhbnQuY29tXC93cC1jb250ZW50XC91cGxvYWRzXC8yMDI1XC8wM1wvSU1HXzU2NzEuanBlZyIsInNsaWRlc2hvdyI6IjEzY2RjM2UifQ%3D%3D\">\n\t\t\t\t\t<div class=\"e-gallery-image elementor-gallery-item__image\" data-thumbnail=\"https:\/\/elolivorestaurant.com\/wp-content\/uploads\/2025\/03\/IMG_5671.jpeg\" data-width=\"1152\" data-height=\"768\" aria-label=\"plato resto\" role=\"img\" ><\/div>\n\t\t\t\t\t\t\t\t\t\t\t<div class=\"elementor-gallery-item__overlay\"><\/div>\n\t\t\t\t\t\t\t\t\t\t\t\t\t\t<\/a>\n\t\t\t\t\t\t\t<a class=\"e-gallery-item elementor-gallery-item elementor-animated-content\" href=\"https:\/\/elolivorestaurant.com\/wp-content\/uploads\/2025\/03\/IMG_6571.jpeg\" data-elementor-open-lightbox=\"yes\" data-elementor-lightbox-slideshow=\"13cdc3e\" data-e-action-hash=\"#elementor-action%3Aaction%3Dlightbox%26settings%3DeyJpZCI6MjU3LCJ1cmwiOiJodHRwczpcL1wvZWxvbGl2b3Jlc3RhdXJhbnQuY29tXC93cC1jb250ZW50XC91cGxvYWRzXC8yMDI1XC8wM1wvSU1HXzY1NzEuanBlZyIsInNsaWRlc2hvdyI6IjEzY2RjM2UifQ%3D%3D\">\n\t\t\t\t\t<div class=\"e-gallery-image elementor-gallery-item__image\" data-thumbnail=\"https:\/\/elolivorestaurant.com\/wp-content\/uploads\/2025\/03\/IMG_6571.jpeg\" data-width=\"1152\" data-height=\"768\" aria-label=\"plato resto\" role=\"img\" ><\/div>\n\t\t\t\t\t\t\t\t\t\t\t<div class=\"elementor-gallery-item__overlay\"><\/div>\n\t\t\t\t\t\t\t\t\t\t\t\t\t\t<\/a>\n\t\t\t\t\t\t\t<a class=\"e-gallery-item elementor-gallery-item elementor-animated-content\" href=\"https:\/\/elolivorestaurant.com\/wp-content\/uploads\/2025\/03\/IMG_5494.jpeg\" data-elementor-open-lightbox=\"yes\" data-elementor-lightbox-slideshow=\"13cdc3e\" data-e-action-hash=\"#elementor-action%3Aaction%3Dlightbox%26settings%3DeyJpZCI6MjQ4LCJ1cmwiOiJodHRwczpcL1wvZWxvbGl2b3Jlc3RhdXJhbnQuY29tXC93cC1jb250ZW50XC91cGxvYWRzXC8yMDI1XC8wM1wvSU1HXzU0OTQuanBlZyIsInNsaWRlc2hvdyI6IjEzY2RjM2UifQ%3D%3D\">\n\t\t\t\t\t<div class=\"e-gallery-image elementor-gallery-item__image\" data-thumbnail=\"https:\/\/elolivorestaurant.com\/wp-content\/uploads\/2025\/03\/IMG_5494.jpeg\" data-width=\"1204\" data-height=\"768\" aria-label=\"plato resto en Barcelona\" role=\"img\" ><\/div>\n\t\t\t\t\t\t\t\t\t\t\t<div class=\"elementor-gallery-item__overlay\"><\/div>\n\t\t\t\t\t\t\t\t\t\t\t\t\t\t<\/a>\n\t\t\t\t\t\t\t<a class=\"e-gallery-item elementor-gallery-item elementor-animated-content\" href=\"https:\/\/elolivorestaurant.com\/wp-content\/uploads\/2025\/03\/IMG_6689.jpeg\" data-elementor-open-lightbox=\"yes\" data-elementor-lightbox-slideshow=\"13cdc3e\" data-e-action-hash=\"#elementor-action%3Aaction%3Dlightbox%26settings%3DeyJpZCI6MjU4LCJ1cmwiOiJodHRwczpcL1wvZWxvbGl2b3Jlc3RhdXJhbnQuY29tXC93cC1jb250ZW50XC91cGxvYWRzXC8yMDI1XC8wM1wvSU1HXzY2ODkuanBlZyIsInNsaWRlc2hvdyI6IjEzY2RjM2UifQ%3D%3D\">\n\t\t\t\t\t<div class=\"e-gallery-image elementor-gallery-item__image\" data-thumbnail=\"https:\/\/elolivorestaurant.com\/wp-content\/uploads\/2025\/03\/IMG_6689.jpeg\" data-width=\"1152\" data-height=\"768\" aria-label=\"plato resto\" role=\"img\" ><\/div>\n\t\t\t\t\t\t\t\t\t\t\t<div class=\"elementor-gallery-item__overlay\"><\/div>\n\t\t\t\t\t\t\t\t\t\t\t\t\t\t<\/a>\n\t\t\t\t\t\t\t<a class=\"e-gallery-item elementor-gallery-item elementor-animated-content\" href=\"https:\/\/elolivorestaurant.com\/wp-content\/uploads\/2025\/03\/IMG_6756.jpeg\" data-elementor-open-lightbox=\"yes\" data-elementor-lightbox-slideshow=\"13cdc3e\" data-e-action-hash=\"#elementor-action%3Aaction%3Dlightbox%26settings%3DeyJpZCI6MjYwLCJ1cmwiOiJodHRwczpcL1wvZWxvbGl2b3Jlc3RhdXJhbnQuY29tXC93cC1jb250ZW50XC91cGxvYWRzXC8yMDI1XC8wM1wvSU1HXzY3NTYuanBlZyIsInNsaWRlc2hvdyI6IjEzY2RjM2UifQ%3D%3D\">\n\t\t\t\t\t<div class=\"e-gallery-image elementor-gallery-item__image\" data-thumbnail=\"https:\/\/elolivorestaurant.com\/wp-content\/uploads\/2025\/03\/IMG_6756.jpeg\" data-width=\"1152\" data-height=\"768\" aria-label=\"plato resto\" role=\"img\" ><\/div>\n\t\t\t\t\t\t\t\t\t\t\t<div class=\"elementor-gallery-item__overlay\"><\/div>\n\t\t\t\t\t\t\t\t\t\t\t\t\t\t<\/a>\n\t\t\t\t\t\t\t<a class=\"e-gallery-item elementor-gallery-item elementor-animated-content\" href=\"https:\/\/elolivorestaurant.com\/wp-content\/uploads\/2025\/03\/IMG_6162.jpeg\" data-elementor-open-lightbox=\"yes\" data-elementor-lightbox-slideshow=\"13cdc3e\" data-e-action-hash=\"#elementor-action%3Aaction%3Dlightbox%26settings%3DeyJpZCI6MjU0LCJ1cmwiOiJodHRwczpcL1wvZWxvbGl2b3Jlc3RhdXJhbnQuY29tXC93cC1jb250ZW50XC91cGxvYWRzXC8yMDI1XC8wM1wvSU1HXzYxNjIuanBlZyIsInNsaWRlc2hvdyI6IjEzY2RjM2UifQ%3D%3D\">\n\t\t\t\t\t<div class=\"e-gallery-image elementor-gallery-item__image\" data-thumbnail=\"https:\/\/elolivorestaurant.com\/wp-content\/uploads\/2025\/03\/IMG_6162.jpeg\" data-width=\"1152\" data-height=\"768\" aria-label=\"plato resto\" role=\"img\" ><\/div>\n\t\t\t\t\t\t\t\t\t\t\t<div class=\"elementor-gallery-item__overlay\"><\/div>\n\t\t\t\t\t\t\t\t\t\t\t\t\t\t<\/a>\n\t\t\t\t\t\t\t<a class=\"e-gallery-item elementor-gallery-item elementor-animated-content\" href=\"https:\/\/elolivorestaurant.com\/wp-content\/uploads\/2025\/03\/IMG_6084.jpeg\" data-elementor-open-lightbox=\"yes\" data-elementor-lightbox-slideshow=\"13cdc3e\" data-e-action-hash=\"#elementor-action%3Aaction%3Dlightbox%26settings%3DeyJpZCI6MjUzLCJ1cmwiOiJodHRwczpcL1wvZWxvbGl2b3Jlc3RhdXJhbnQuY29tXC93cC1jb250ZW50XC91cGxvYWRzXC8yMDI1XC8wM1wvSU1HXzYwODQuanBlZyIsInNsaWRlc2hvdyI6IjEzY2RjM2UifQ%3D%3D\">\n\t\t\t\t\t<div class=\"e-gallery-image elementor-gallery-item__image\" data-thumbnail=\"https:\/\/elolivorestaurant.com\/wp-content\/uploads\/2025\/03\/IMG_6084.jpeg\" data-width=\"512\" data-height=\"768\" aria-label=\"plato resto\" role=\"img\" ><\/div>\n\t\t\t\t\t\t\t\t\t\t\t<div class=\"elementor-gallery-item__overlay\"><\/div>\n\t\t\t\t\t\t\t\t\t\t\t\t\t\t<\/a>\n\t\t\t\t\t\t\t<a class=\"e-gallery-item elementor-gallery-item elementor-animated-content\" href=\"https:\/\/elolivorestaurant.com\/wp-content\/uploads\/2025\/03\/IMG_6270.jpeg\" data-elementor-open-lightbox=\"yes\" data-elementor-lightbox-slideshow=\"13cdc3e\" data-e-action-hash=\"#elementor-action%3Aaction%3Dlightbox%26settings%3DeyJpZCI6MjU1LCJ1cmwiOiJodHRwczpcL1wvZWxvbGl2b3Jlc3RhdXJhbnQuY29tXC93cC1jb250ZW50XC91cGxvYWRzXC8yMDI1XC8wM1wvSU1HXzYyNzAuanBlZyIsInNsaWRlc2hvdyI6IjEzY2RjM2UifQ%3D%3D\">\n\t\t\t\t\t<div class=\"e-gallery-image elementor-gallery-item__image\" data-thumbnail=\"https:\/\/elolivorestaurant.com\/wp-content\/uploads\/2025\/03\/IMG_6270.jpeg\" data-width=\"1152\" data-height=\"768\" aria-label=\"plato resto\" role=\"img\" ><\/div>\n\t\t\t\t\t\t\t\t\t\t\t<div class=\"elementor-gallery-item__overlay\"><\/div>\n\t\t\t\t\t\t\t\t\t\t\t\t\t\t<\/a>\n\t\t\t\t\t<\/div>\n\t\t\t\t\t<\/div>\n\t\t\t\t<\/div>\n\t\t\t\t\t<\/div>\n\t\t\t\t<\/div>\n\t\t<div class=\"elementor-element elementor-element-22e1038 e-flex e-con-boxed e-con e-parent\" data-id=\"22e1038\" data-element_type=\"container\" data-e-type=\"container\">\n\t\t\t\t\t<div class=\"e-con-inner\">\n\t\t\t\t<div class=\"elementor-element elementor-element-1741419 animated-slow elementor-invisible elementor-widget elementor-widget-heading\" data-id=\"1741419\" data-element_type=\"widget\" data-e-type=\"widget\" data-settings=\"{&quot;_animation&quot;:&quot;fadeIn&quot;}\" data-widget_type=\"heading.default\">\n\t\t\t\t<div class=\"elementor-widget-container\">\n\t\t\t\t\t<h4 class=\"elementor-heading-title elementor-size-default\">Personalizamos cada evento para que sea inolvidable<\/h4>\t\t\t\t<\/div>\n\t\t\t\t<\/div>\n\t\t\t\t<div class=\"elementor-element elementor-element-f5a8b0a animated-slow elementor-invisible elementor-widget elementor-widget-text-editor\" data-id=\"f5a8b0a\" data-element_type=\"widget\" data-e-type=\"widget\" data-settings=\"{&quot;_animation&quot;:&quot;fadeIn&quot;}\" data-widget_type=\"text-editor.default\">\n\t\t\t\t<div class=\"elementor-widget-container\">\n\t\t\t\t\t\t\t\t\t<p data-start=\"2665\" data-end=\"2987\">Sea uno <strong data-start=\"2696\" data-end=\"2760\">boda, cumplea\u00f1os, cena de empresa o un encuentro especial<\/strong>, a <strong data-start=\"2764\" data-end=\"2776\">El Olivo<\/strong> dise\u00f1amos cada detalle para que tu evento sea \u00fanico. Nuestra filosof\u00eda es <strong data-start=\"2866\" data-end=\"2913\">adaptarnos a los gustos de nuestros clientes<\/strong>, ofreciendo una propuesta culinaria de calidad con productos de temporada.<\/p><p data-start=\"2989\" data-end=\"3112\">Trabajamos con men\u00fas personalizados, asesoramiento gastron\u00f3mico y un servicio cercano que har\u00e1 que cada momento sea especial.<\/p><p data-start=\"3114\" data-end=\"3248\">\ud83d\udccd Espacios vers\u00e1tiles para peque\u00f1os y grandes grupos<br data-start=\"3160\" data-end=\"3163\" \/>\ud83c\udf7d\ufe0f Men\u00fas especiales adaptados a tus necesidades<br data-start=\"3215\" data-end=\"3218\" \/>\ud83c\udfb6 Ambiente c\u00e1lido y acogedor<\/p>\t\t\t\t\t\t\t\t<\/div>\n\t\t\t\t<\/div>\n\t\t\t\t\t<\/div>\n\t\t\t\t<\/div>\n\t\t\t\t<\/div>","protected":false},"excerpt":{"rendered":"<p>Celebra moments \u00fanics amb nosaltres La nostra filosof\u00eda de treball es adaptar-nos als gustos dels client i al tipus d\u2019esdeveniment que vulgui realitxar. ESDEVENIMENTS Personalitzem cada esdeveniment perqu\u00e8 sigui inoblidable Sigui un casament, aniversari, sopar d\u2019empresa o una trobada especial, a El Olivo dissenyem cada detall per fer que el teu esdeveniment sigui \u00fanic. La [&hellip;]<\/p>\n","protected":false},"author":2,"featured_media":0,"parent":0,"menu_order":0,"comment_status":"closed","ping_status":"closed","template":"","meta":{"_joinchat":[],"footnotes":""},"class_list":["post-66","page","type-page","status-publish","hentry"],"yoast_head":"<!-- This site is optimized with the Yoast SEO plugin v27.3 - https:\/\/yoast.com\/product\/yoast-seo-wordpress\/ -->\n<title>Esdeveniments - El Olivo Restaurant<\/title>\n<meta name=\"robots\" content=\"index, follow, max-snippet:-1, max-image-preview:large, max-video-preview:-1\" \/>\n<link rel=\"canonical\" href=\"https:\/\/elolivorestaurant.com\/es\/esdeveniments\/\" \/>\n<meta property=\"og:locale\" content=\"es_ES\" \/>\n<meta property=\"og:type\" content=\"article\" \/>\n<meta property=\"og:title\" content=\"Esdeveniments - El Olivo Restaurant\" \/>\n<meta property=\"og:description\" content=\"Celebra moments \u00fanics amb nosaltres La nostra filosof\u00eda de treball es adaptar-nos als gustos dels client i al tipus d\u2019esdeveniment que vulgui realitxar. ESDEVENIMENTS Personalitzem cada esdeveniment perqu\u00e8 sigui inoblidable Sigui un casament, aniversari, sopar d\u2019empresa o una trobada especial, a El Olivo dissenyem cada detall per fer que el teu esdeveniment sigui \u00fanic. La [&hellip;]\" \/>\n<meta property=\"og:url\" content=\"https:\/\/elolivorestaurant.com\/es\/esdeveniments\/\" \/>\n<meta property=\"og:site_name\" content=\"El Olivo Restaurant\" \/>\n<meta property=\"article:modified_time\" content=\"2025-03-16T01:13:45+00:00\" \/>\n<meta name=\"twitter:card\" content=\"summary_large_image\" \/>\n<meta name=\"twitter:label1\" content=\"Tiempo de lectura\" \/>\n\t<meta name=\"twitter:data1\" content=\"2 minutos\" \/>\n<script type=\"application\/ld+json\" class=\"yoast-schema-graph\">{\"@context\":\"https:\\\/\\\/schema.org\",\"@graph\":[{\"@type\":\"WebPage\",\"@id\":\"https:\\\/\\\/elolivorestaurant.com\\\/esdeveniments\\\/\",\"url\":\"https:\\\/\\\/elolivorestaurant.com\\\/esdeveniments\\\/\",\"name\":\"Esdeveniments - El Olivo Restaurant\",\"isPartOf\":{\"@id\":\"https:\\\/\\\/elolivorestaurant.com\\\/#website\"},\"datePublished\":\"2025-03-13T14:07:30+00:00\",\"dateModified\":\"2025-03-16T01:13:45+00:00\",\"breadcrumb\":{\"@id\":\"https:\\\/\\\/elolivorestaurant.com\\\/esdeveniments\\\/#breadcrumb\"},\"inLanguage\":\"es\",\"potentialAction\":[{\"@type\":\"ReadAction\",\"target\":[\"https:\\\/\\\/elolivorestaurant.com\\\/esdeveniments\\\/\"]}]},{\"@type\":\"BreadcrumbList\",\"@id\":\"https:\\\/\\\/elolivorestaurant.com\\\/esdeveniments\\\/#breadcrumb\",\"itemListElement\":[{\"@type\":\"ListItem\",\"position\":1,\"name\":\"Portada\",\"item\":\"https:\\\/\\\/elolivorestaurant.com\\\/\"},{\"@type\":\"ListItem\",\"position\":2,\"name\":\"Esdeveniments\"}]},{\"@type\":\"WebSite\",\"@id\":\"https:\\\/\\\/elolivorestaurant.com\\\/#website\",\"url\":\"https:\\\/\\\/elolivorestaurant.com\\\/\",\"name\":\"El Olivo Restaurant\",\"description\":\"\",\"publisher\":{\"@id\":\"https:\\\/\\\/elolivorestaurant.com\\\/#organization\"},\"potentialAction\":[{\"@type\":\"SearchAction\",\"target\":{\"@type\":\"EntryPoint\",\"urlTemplate\":\"https:\\\/\\\/elolivorestaurant.com\\\/?s={search_term_string}\"},\"query-input\":{\"@type\":\"PropertyValueSpecification\",\"valueRequired\":true,\"valueName\":\"search_term_string\"}}],\"inLanguage\":\"es\"},{\"@type\":\"Organization\",\"@id\":\"https:\\\/\\\/elolivorestaurant.com\\\/#organization\",\"name\":\"El Olivo Restaurant\",\"url\":\"https:\\\/\\\/elolivorestaurant.com\\\/\",\"logo\":{\"@type\":\"ImageObject\",\"inLanguage\":\"es\",\"@id\":\"https:\\\/\\\/elolivorestaurant.com\\\/#\\\/schema\\\/logo\\\/image\\\/\",\"url\":\"https:\\\/\\\/elolivorestaurant.com\\\/wp-content\\\/uploads\\\/2025\\\/03\\\/cropped-logo-1.png\",\"contentUrl\":\"https:\\\/\\\/elolivorestaurant.com\\\/wp-content\\\/uploads\\\/2025\\\/03\\\/cropped-logo-1.png\",\"width\":799,\"height\":289,\"caption\":\"El Olivo Restaurant\"},\"image\":{\"@id\":\"https:\\\/\\\/elolivorestaurant.com\\\/#\\\/schema\\\/logo\\\/image\\\/\"}}]}<\/script>\n<!-- \/ Yoast SEO plugin. -->","yoast_head_json":{"title":"Esdeveniments - El Olivo Restaurant","robots":{"index":"index","follow":"follow","max-snippet":"max-snippet:-1","max-image-preview":"max-image-preview:large","max-video-preview":"max-video-preview:-1"},"canonical":"https:\/\/elolivorestaurant.com\/es\/esdeveniments\/","og_locale":"es_ES","og_type":"article","og_title":"Esdeveniments - El Olivo Restaurant","og_description":"Celebra moments \u00fanics amb nosaltres La nostra filosof\u00eda de treball es adaptar-nos als gustos dels client i al tipus d\u2019esdeveniment que vulgui realitxar. ESDEVENIMENTS Personalitzem cada esdeveniment perqu\u00e8 sigui inoblidable Sigui un casament, aniversari, sopar d\u2019empresa o una trobada especial, a El Olivo dissenyem cada detall per fer que el teu esdeveniment sigui \u00fanic. La [&hellip;]","og_url":"https:\/\/elolivorestaurant.com\/es\/esdeveniments\/","og_site_name":"El Olivo Restaurant","article_modified_time":"2025-03-16T01:13:45+00:00","twitter_card":"summary_large_image","twitter_misc":{"Tiempo de lectura":"2 minutos"},"schema":{"@context":"https:\/\/schema.org","@graph":[{"@type":"WebPage","@id":"https:\/\/elolivorestaurant.com\/esdeveniments\/","url":"https:\/\/elolivorestaurant.com\/esdeveniments\/","name":"Esdeveniments - El Olivo Restaurant","isPartOf":{"@id":"https:\/\/elolivorestaurant.com\/#website"},"datePublished":"2025-03-13T14:07:30+00:00","dateModified":"2025-03-16T01:13:45+00:00","breadcrumb":{"@id":"https:\/\/elolivorestaurant.com\/esdeveniments\/#breadcrumb"},"inLanguage":"es","potentialAction":[{"@type":"ReadAction","target":["https:\/\/elolivorestaurant.com\/esdeveniments\/"]}]},{"@type":"BreadcrumbList","@id":"https:\/\/elolivorestaurant.com\/esdeveniments\/#breadcrumb","itemListElement":[{"@type":"ListItem","position":1,"name":"Portada","item":"https:\/\/elolivorestaurant.com\/"},{"@type":"ListItem","position":2,"name":"Esdeveniments"}]},{"@type":"WebSite","@id":"https:\/\/elolivorestaurant.com\/#website","url":"https:\/\/elolivorestaurant.com\/","name":"El Olivo Restaurant","description":"","publisher":{"@id":"https:\/\/elolivorestaurant.com\/#organization"},"potentialAction":[{"@type":"SearchAction","target":{"@type":"EntryPoint","urlTemplate":"https:\/\/elolivorestaurant.com\/?s={search_term_string}"},"query-input":{"@type":"PropertyValueSpecification","valueRequired":true,"valueName":"search_term_string"}}],"inLanguage":"es"},{"@type":"Organization","@id":"https:\/\/elolivorestaurant.com\/#organization","name":"El Olivo Restaurant","url":"https:\/\/elolivorestaurant.com\/","logo":{"@type":"ImageObject","inLanguage":"es","@id":"https:\/\/elolivorestaurant.com\/#\/schema\/logo\/image\/","url":"https:\/\/elolivorestaurant.com\/wp-content\/uploads\/2025\/03\/cropped-logo-1.png","contentUrl":"https:\/\/elolivorestaurant.com\/wp-content\/uploads\/2025\/03\/cropped-logo-1.png","width":799,"height":289,"caption":"El Olivo Restaurant"},"image":{"@id":"https:\/\/elolivorestaurant.com\/#\/schema\/logo\/image\/"}}]}},"_links":{"self":[{"href":"https:\/\/elolivorestaurant.com\/es\/wp-json\/wp\/v2\/pages\/66","targetHints":{"allow":["GET"]}}],"collection":[{"href":"https:\/\/elolivorestaurant.com\/es\/wp-json\/wp\/v2\/pages"}],"about":[{"href":"https:\/\/elolivorestaurant.com\/es\/wp-json\/wp\/v2\/types\/page"}],"author":[{"embeddable":true,"href":"https:\/\/elolivorestaurant.com\/es\/wp-json\/wp\/v2\/users\/2"}],"replies":[{"embeddable":true,"href":"https:\/\/elolivorestaurant.com\/es\/wp-json\/wp\/v2\/comments?post=66"}],"version-history":[{"count":35,"href":"https:\/\/elolivorestaurant.com\/es\/wp-json\/wp\/v2\/pages\/66\/revisions"}],"predecessor-version":[{"id":434,"href":"https:\/\/elolivorestaurant.com\/es\/wp-json\/wp\/v2\/pages\/66\/revisions\/434"}],"wp:attachment":[{"href":"https:\/\/elolivorestaurant.com\/es\/wp-json\/wp\/v2\/media?parent=66"}],"curies":[{"name":"wp","href":"https:\/\/api.w.org\/{rel}","templated":true}]}}