{"id":19,"date":"2025-01-27T08:52:32","date_gmt":"2025-01-27T07:52:32","guid":{"rendered":"https:\/\/elolivorestaurant.com\/?page_id=19"},"modified":"2025-04-25T20:37:09","modified_gmt":"2025-04-25T18:37:09","slug":"accesibilidad","status":"publish","type":"page","link":"https:\/\/elolivorestaurant.com\/es\/accesibilidad\/","title":{"rendered":"Accesibilidad"},"content":{"rendered":"\t\t<div data-elementor-type=\"wp-page\" data-elementor-id=\"19\" class=\"elementor elementor-19\" data-elementor-post-type=\"page\">\n\t\t\t\t<div class=\"elementor-element elementor-element-b1d08b7 e-flex e-con-boxed e-con e-parent\" data-id=\"b1d08b7\" data-element_type=\"container\" data-e-type=\"container\" data-settings=\"{&quot;background_background&quot;:&quot;classic&quot;}\">\n\t\t\t\t\t<div class=\"e-con-inner\">\n\t\t<div class=\"elementor-element elementor-element-25ec626 e-con-full e-flex e-con e-child\" data-id=\"25ec626\" data-element_type=\"container\" data-e-type=\"container\">\n\t\t\t\t<div class=\"elementor-element elementor-element-d124ce8 elementor-widget elementor-widget-heading\" data-id=\"d124ce8\" data-element_type=\"widget\" data-e-type=\"widget\" data-widget_type=\"heading.default\">\n\t\t\t\t<div class=\"elementor-widget-container\">\n\t\t\t\t\t<h2 class=\"elementor-heading-title elementor-size-default\">Accessibilitat\n<\/h2>\t\t\t\t<\/div>\n\t\t\t\t<\/div>\n\t\t\t\t<\/div>\n\t\t\t\t\t<\/div>\n\t\t\t\t<\/div>\n\t\t<div class=\"elementor-element elementor-element-0997c7f e-flex e-con-boxed e-con e-parent\" data-id=\"0997c7f\" data-element_type=\"container\" data-e-type=\"container\">\n\t\t\t\t\t<div class=\"e-con-inner\">\n\t\t\t\t<div class=\"elementor-element elementor-element-39c42bc elementor-widget elementor-widget-text-editor\" data-id=\"39c42bc\" data-element_type=\"widget\" data-e-type=\"widget\" data-widget_type=\"text-editor.default\">\n\t\t\t\t<div class=\"elementor-widget-container\">\n\t\t\t\t\t\t\t\t\t<p>Declaraci\u00f3 d\u2019accessibilitat El propietari del lloc web s\u2019ha comprom\u00e8s a fer accessible el seu lloc web d\u2019acord amb el Royal Decret 1112\/2018, del 7 de setembre, per l\u2019accessibilitat de llocs web i aplicacions per a dispositius m\u00f2bils del sector p\u00fablic (aqu\u00ed 2016. Aquesta declaraci\u00f3 s\u2019aplica a aquest lloc web. -Cessible contingut El contingut que es recopila a continuaci\u00f3 no \u00e9s accessible per les seg\u00fcents raons: Manca de compliment del Royal Decret 1112\/2018, del 7 de setembre: Algunes imatges no estan etiquetades ni tenen una alternativa textual gen\u00e8rica [n\u00famero de requisit 9.1.1.1 de la UNE-EN 301549: 2019 contingut no textual] est\u00e0ndard] Alguns v\u00eddeos enregistrats no poden contenir subt\u00edtols [n\u00famero de requisit 9.1.2.2 de la UNE-EN 301549: 2019 Subt\u00edtols (gravat)] est\u00e0ndard]]]]] Alguns v\u00eddeos pre-enregistrats al lloc web no disposen de descripci\u00f3 d&#8217;\u00e0udio ni suports alternatius [N\u00famero de requisits 9.1.2.5 i 9.1.2.3 de la UNE-EN 301549: 2019 Descripci\u00f3 d&#8217;\u00e0udio o suports alternatius (gravat)] En algunes p\u00e0gines, la informaci\u00f3, l&#8217;estructura i les relacions no estan determinades per programari ni tenen cap alternativa com a text. [N\u00famero de requisit 9.1.3.1 de la UNE-EN 301549: 2019 d\u2019informaci\u00f3 i relacions. En algunes p\u00e0gines, el color s\u2019ha utilitzat com a \u00fanic mitj\u00e0 visual per transmetre informaci\u00f3, indicar una acci\u00f3, provocar una resposta o distingir un element visual [n\u00famero de requisit 9.1.4.1 de l\u2019UNE-EN 301549: 2019 \u00das est\u00e0ndard del color] En algunes p\u00e0gines pot haver-hi atributs i identificadors duplicats [n\u00famero de requisit 9.4.1.1 de la Norma UNE-EN 301549: 2019 Procuraci\u00f3] En algunes p\u00e0gines, els components de la interf\u00edcie d&#8217;usuari com ara elements de formulari, enlla\u00e7os i components generats per script no segueixen l&#8217;estructura recomanada per les directrius d&#8217;accessibilitat [N\u00famero de requisit 9.4.1.2 de la UNE-EN 301549: 2019 Nom, funci\u00f3, valor, valor] est\u00e0ndard] est\u00e0ndard] est\u00e0ndard] En algunes formes, el camp d\u2019entrada que recopila informaci\u00f3 sobre l\u2019usuari no identifica el prop\u00f2sit [n\u00famero de requisit 9.1.3.5 de l\u2019UNE-EN 301549: 2019 Identificaci\u00f3 de la finalitat d\u2019entrada] En algunes p\u00e0gines, la proporci\u00f3 de contrast de text o imatges pot no ser almenys 4.5: 1 [N\u00famero de requisit 9.1.4.3 de la UNE-EN 301549: 2019 Contrast m\u00ednim] est\u00e0ndard] est\u00e0ndard] est\u00e0ndard] En algunes p\u00e0gines, el contrast dels components de la interf\u00edcie d&#8217;usuari i els objectes gr\u00e0fics no pot arribar a 3: 1 amb els colors adjacents [n\u00famero de requisit 9.1.4.11 de la UNE-EN 301549: 2019 contrast no textual] est\u00e0ndard] est\u00e0ndard] est\u00e0ndard] est\u00e0ndard] De manera puntual, hi podria haver algun error d&#8217;entrada en un camp\/forma del Que no es notifiqu\u00e9s a l&#8217;usuari el suggeriment per solucionar-lo [n\u00famero de requisit 9.3.3.3 de la UNE-EN 301549: 2019 Suggeriment contra errors] En algunes p\u00e0gines, els missatges d&#8217;estat no es poden determinar mitjan\u00e7ant la programaci\u00f3 mitjan\u00e7ant funcions o propietats [N\u00famero de requisit 9.4.1.3 dels missatges d&#8217;estat UNE-EN 301549: 2019] El c\u00e0rrec desproporcionat no aplica el contingut no introdueix l\u2019\u00e0mbit de la legislaci\u00f3 aplicable Podria haver -hi fitxers d\u2019oficina en PDF o altres formats publicats abans del 20 de setembre de 2018 que no compleixin completament tots els requisits d\u2019accessibilitat. Observacions i dades de contacte Podeu fer comunicacions sobre els requisits d\u2019accessibilitat (article 10.2. A Royal Decret 1112\/2018, del 7 de setembre), a trav\u00e9s del formulari de contacte, per exemple: Informeu sobre qualsevol possible incompliment d\u2019aquest lloc web Transmetre altres dificultats d\u2019acc\u00e9s al contingut Formular qualsevol altre Consulta o suggeriment de millora respecte a l\u2019accessibilitat del lloc web. Les comunicacions seran rebrides i tractades per la unitat responsable de l\u2019accessibilitat.<\/p>\t\t\t\t\t\t\t\t<\/div>\n\t\t\t\t<\/div>\n\t\t\t\t\t<\/div>\n\t\t\t\t<\/div>\n\t\t\t\t<\/div>\n\t\t","protected":false},"excerpt":{"rendered":"<p>Accessibilitat Declaraci\u00f3 d\u2019accessibilitat El propietari del lloc web s\u2019ha comprom\u00e8s a fer accessible el seu lloc web d\u2019acord amb el Royal Decret 1112\/2018, del 7 de setembre, per l\u2019accessibilitat de llocs web i aplicacions per a dispositius m\u00f2bils del sector p\u00fablic (aqu\u00ed 2016. Aquesta declaraci\u00f3 s\u2019aplica a aquest lloc web. -Cessible contingut El contingut que [&hellip;]<\/p>\n","protected":false},"author":2,"featured_media":0,"parent":0,"menu_order":10,"comment_status":"closed","ping_status":"closed","template":"elementor_header_footer","meta":{"_joinchat":[],"footnotes":""},"class_list":["post-19","page","type-page","status-publish","hentry"],"yoast_head":"<!-- This site is optimized with the Yoast SEO plugin v27.3 - https:\/\/yoast.com\/product\/yoast-seo-wordpress\/ -->\n<title>Accesibilidad - El Olivo Restaurant<\/title>\n<meta name=\"robots\" content=\"noindex, follow\" \/>\n<meta property=\"og:locale\" content=\"es_ES\" \/>\n<meta property=\"og:type\" content=\"article\" \/>\n<meta property=\"og:title\" content=\"Accesibilidad - El Olivo Restaurant\" \/>\n<meta property=\"og:description\" content=\"Accessibilitat Declaraci\u00f3 d\u2019accessibilitat El propietari del lloc web s\u2019ha comprom\u00e8s a fer accessible el seu lloc web d\u2019acord amb el Royal Decret 1112\/2018, del 7 de setembre, per l\u2019accessibilitat de llocs web i aplicacions per a dispositius m\u00f2bils del sector p\u00fablic (aqu\u00ed 2016. Aquesta declaraci\u00f3 s\u2019aplica a aquest lloc web. -Cessible contingut El contingut que [&hellip;]\" \/>\n<meta property=\"og:url\" content=\"https:\/\/elolivorestaurant.com\/es\/accesibilidad\/\" \/>\n<meta property=\"og:site_name\" content=\"El Olivo Restaurant\" \/>\n<meta property=\"article:modified_time\" content=\"2025-04-25T18:37:09+00:00\" \/>\n<meta name=\"twitter:card\" content=\"summary_large_image\" \/>\n<meta name=\"twitter:label1\" content=\"Tiempo de lectura\" \/>\n\t<meta name=\"twitter:data1\" content=\"3 minutos\" \/>\n<script type=\"application\/ld+json\" class=\"yoast-schema-graph\">{\"@context\":\"https:\\\/\\\/schema.org\",\"@graph\":[{\"@type\":\"WebPage\",\"@id\":\"https:\\\/\\\/elolivorestaurant.com\\\/accesibilidad\\\/\",\"url\":\"https:\\\/\\\/elolivorestaurant.com\\\/accesibilidad\\\/\",\"name\":\"Accesibilidad - El Olivo Restaurant\",\"isPartOf\":{\"@id\":\"https:\\\/\\\/elolivorestaurant.com\\\/#website\"},\"datePublished\":\"2025-01-27T07:52:32+00:00\",\"dateModified\":\"2025-04-25T18:37:09+00:00\",\"breadcrumb\":{\"@id\":\"https:\\\/\\\/elolivorestaurant.com\\\/accesibilidad\\\/#breadcrumb\"},\"inLanguage\":\"es\",\"potentialAction\":[{\"@type\":\"ReadAction\",\"target\":[\"https:\\\/\\\/elolivorestaurant.com\\\/accesibilidad\\\/\"]}]},{\"@type\":\"BreadcrumbList\",\"@id\":\"https:\\\/\\\/elolivorestaurant.com\\\/accesibilidad\\\/#breadcrumb\",\"itemListElement\":[{\"@type\":\"ListItem\",\"position\":1,\"name\":\"Portada\",\"item\":\"https:\\\/\\\/elolivorestaurant.com\\\/\"},{\"@type\":\"ListItem\",\"position\":2,\"name\":\"Accesibilidad\"}]},{\"@type\":\"WebSite\",\"@id\":\"https:\\\/\\\/elolivorestaurant.com\\\/#website\",\"url\":\"https:\\\/\\\/elolivorestaurant.com\\\/\",\"name\":\"El Olivo Restaurant\",\"description\":\"\",\"publisher\":{\"@id\":\"https:\\\/\\\/elolivorestaurant.com\\\/#organization\"},\"potentialAction\":[{\"@type\":\"SearchAction\",\"target\":{\"@type\":\"EntryPoint\",\"urlTemplate\":\"https:\\\/\\\/elolivorestaurant.com\\\/?s={search_term_string}\"},\"query-input\":{\"@type\":\"PropertyValueSpecification\",\"valueRequired\":true,\"valueName\":\"search_term_string\"}}],\"inLanguage\":\"es\"},{\"@type\":\"Organization\",\"@id\":\"https:\\\/\\\/elolivorestaurant.com\\\/#organization\",\"name\":\"El Olivo Restaurant\",\"url\":\"https:\\\/\\\/elolivorestaurant.com\\\/\",\"logo\":{\"@type\":\"ImageObject\",\"inLanguage\":\"es\",\"@id\":\"https:\\\/\\\/elolivorestaurant.com\\\/#\\\/schema\\\/logo\\\/image\\\/\",\"url\":\"https:\\\/\\\/elolivorestaurant.com\\\/wp-content\\\/uploads\\\/2025\\\/03\\\/cropped-logo-1.png\",\"contentUrl\":\"https:\\\/\\\/elolivorestaurant.com\\\/wp-content\\\/uploads\\\/2025\\\/03\\\/cropped-logo-1.png\",\"width\":799,\"height\":289,\"caption\":\"El Olivo Restaurant\"},\"image\":{\"@id\":\"https:\\\/\\\/elolivorestaurant.com\\\/#\\\/schema\\\/logo\\\/image\\\/\"}}]}<\/script>\n<!-- \/ Yoast SEO plugin. -->","yoast_head_json":{"title":"Accesibilidad - El Olivo Restaurant","robots":{"index":"noindex","follow":"follow"},"og_locale":"es_ES","og_type":"article","og_title":"Accesibilidad - El Olivo Restaurant","og_description":"Accessibilitat Declaraci\u00f3 d\u2019accessibilitat El propietari del lloc web s\u2019ha comprom\u00e8s a fer accessible el seu lloc web d\u2019acord amb el Royal Decret 1112\/2018, del 7 de setembre, per l\u2019accessibilitat de llocs web i aplicacions per a dispositius m\u00f2bils del sector p\u00fablic (aqu\u00ed 2016. Aquesta declaraci\u00f3 s\u2019aplica a aquest lloc web. -Cessible contingut El contingut que [&hellip;]","og_url":"https:\/\/elolivorestaurant.com\/es\/accesibilidad\/","og_site_name":"El Olivo Restaurant","article_modified_time":"2025-04-25T18:37:09+00:00","twitter_card":"summary_large_image","twitter_misc":{"Tiempo de lectura":"3 minutos"},"schema":{"@context":"https:\/\/schema.org","@graph":[{"@type":"WebPage","@id":"https:\/\/elolivorestaurant.com\/accesibilidad\/","url":"https:\/\/elolivorestaurant.com\/accesibilidad\/","name":"Accesibilidad - El Olivo Restaurant","isPartOf":{"@id":"https:\/\/elolivorestaurant.com\/#website"},"datePublished":"2025-01-27T07:52:32+00:00","dateModified":"2025-04-25T18:37:09+00:00","breadcrumb":{"@id":"https:\/\/elolivorestaurant.com\/accesibilidad\/#breadcrumb"},"inLanguage":"es","potentialAction":[{"@type":"ReadAction","target":["https:\/\/elolivorestaurant.com\/accesibilidad\/"]}]},{"@type":"BreadcrumbList","@id":"https:\/\/elolivorestaurant.com\/accesibilidad\/#breadcrumb","itemListElement":[{"@type":"ListItem","position":1,"name":"Portada","item":"https:\/\/elolivorestaurant.com\/"},{"@type":"ListItem","position":2,"name":"Accesibilidad"}]},{"@type":"WebSite","@id":"https:\/\/elolivorestaurant.com\/#website","url":"https:\/\/elolivorestaurant.com\/","name":"El Olivo Restaurant","description":"","publisher":{"@id":"https:\/\/elolivorestaurant.com\/#organization"},"potentialAction":[{"@type":"SearchAction","target":{"@type":"EntryPoint","urlTemplate":"https:\/\/elolivorestaurant.com\/?s={search_term_string}"},"query-input":{"@type":"PropertyValueSpecification","valueRequired":true,"valueName":"search_term_string"}}],"inLanguage":"es"},{"@type":"Organization","@id":"https:\/\/elolivorestaurant.com\/#organization","name":"El Olivo Restaurant","url":"https:\/\/elolivorestaurant.com\/","logo":{"@type":"ImageObject","inLanguage":"es","@id":"https:\/\/elolivorestaurant.com\/#\/schema\/logo\/image\/","url":"https:\/\/elolivorestaurant.com\/wp-content\/uploads\/2025\/03\/cropped-logo-1.png","contentUrl":"https:\/\/elolivorestaurant.com\/wp-content\/uploads\/2025\/03\/cropped-logo-1.png","width":799,"height":289,"caption":"El Olivo Restaurant"},"image":{"@id":"https:\/\/elolivorestaurant.com\/#\/schema\/logo\/image\/"}}]}},"_links":{"self":[{"href":"https:\/\/elolivorestaurant.com\/es\/wp-json\/wp\/v2\/pages\/19","targetHints":{"allow":["GET"]}}],"collection":[{"href":"https:\/\/elolivorestaurant.com\/es\/wp-json\/wp\/v2\/pages"}],"about":[{"href":"https:\/\/elolivorestaurant.com\/es\/wp-json\/wp\/v2\/types\/page"}],"author":[{"embeddable":true,"href":"https:\/\/elolivorestaurant.com\/es\/wp-json\/wp\/v2\/users\/2"}],"replies":[{"embeddable":true,"href":"https:\/\/elolivorestaurant.com\/es\/wp-json\/wp\/v2\/comments?post=19"}],"version-history":[{"count":10,"href":"https:\/\/elolivorestaurant.com\/es\/wp-json\/wp\/v2\/pages\/19\/revisions"}],"predecessor-version":[{"id":481,"href":"https:\/\/elolivorestaurant.com\/es\/wp-json\/wp\/v2\/pages\/19\/revisions\/481"}],"wp:attachment":[{"href":"https:\/\/elolivorestaurant.com\/es\/wp-json\/wp\/v2\/media?parent=19"}],"curies":[{"name":"wp","href":"https:\/\/api.w.org\/{rel}","templated":true}]}}