{"id":16,"date":"2025-01-27T08:51:21","date_gmt":"2025-01-27T07:51:21","guid":{"rendered":"https:\/\/elolivorestaurant.com\/?page_id=16"},"modified":"2025-04-25T21:07:25","modified_gmt":"2025-04-25T19:07:25","slug":"legal","status":"publish","type":"page","link":"https:\/\/elolivorestaurant.com\/es\/legal\/","title":{"rendered":"Aviso legal"},"content":{"rendered":"<div data-elementor-type=\"wp-page\" data-elementor-id=\"16\" class=\"elementor elementor-16\" data-elementor-post-type=\"page\">\n\t\t\t\t<div class=\"elementor-element elementor-element-b65d8fa e-flex e-con-boxed e-con e-parent\" data-id=\"b65d8fa\" data-element_type=\"container\" data-e-type=\"container\" data-settings=\"{&quot;background_background&quot;:&quot;classic&quot;}\">\n\t\t\t\t\t<div class=\"e-con-inner\">\n\t\t<div class=\"elementor-element elementor-element-7e69c76 e-con-full e-flex e-con e-child\" data-id=\"7e69c76\" data-element_type=\"container\" data-e-type=\"container\">\n\t\t\t\t<div class=\"elementor-element elementor-element-8c8d528 elementor-widget elementor-widget-heading\" data-id=\"8c8d528\" data-element_type=\"widget\" data-e-type=\"widget\" data-widget_type=\"heading.default\">\n\t\t\t\t<div class=\"elementor-widget-container\">\n\t\t\t\t\t<h2 class=\"elementor-heading-title elementor-size-default\">Aviso Legal\n<\/h2>\t\t\t\t<\/div>\n\t\t\t\t<\/div>\n\t\t\t\t<\/div>\n\t\t\t\t\t<\/div>\n\t\t\t\t<\/div>\n\t\t<div class=\"elementor-element elementor-element-e903e2c e-flex e-con-boxed e-con e-parent\" data-id=\"e903e2c\" data-element_type=\"container\" data-e-type=\"container\">\n\t\t\t\t\t<div class=\"e-con-inner\">\n\t\t\t\t<div class=\"elementor-element elementor-element-74c9713 elementor-widget elementor-widget-text-editor\" data-id=\"74c9713\" data-element_type=\"widget\" data-e-type=\"widget\" data-widget_type=\"text-editor.default\">\n\t\t\t\t<div class=\"elementor-widget-container\">\n\t\t\t\t\t\t\t\t\t<p>I. Informaci\u00f3n general En cumplimiento con el deber de informaci\u00f3n proporcionada a la ley 34\/2002 de servicios de la Sociedad de la Informaci\u00f3n y de Comercio electr\u00f3nico (LSSI-CE), de 11 de julio, se proporciona informaci\u00f3n general de este sitio web son proporcionados: la propiedad de este sitio web, elalivoreuant.com, (en adelante, la web): <strong>Alex Dom\u00ednguez<\/strong>, con NIF: <strong>47242143M<\/strong>y los datos de contacto son: Direcci\u00f3n: <strong>Pla\u00e7a Sant Mu\u00e7 3, (08445) Canoves, Barcelona<\/strong> Tel\u00e9fono: <strong>+34613006630<\/strong> Correo Electr\u00f3nico De Contacto: <strong>elaolivo.rest.canoves@gmail.com<\/strong> II. T\u00e9rminos y condiciones generales de uso El prop\u00f3sito de los t\u00e9rminos: el sitio web para El prop\u00f3sito de estas condiciones generales de uso (en adelante, condiciones) es la de regular el acceso y el uso del sitio web. Para los efectos de las presentes condiciones, la apariencia externa de la pantalla de la interfaz ser\u00e1 entendido como el sitio web, tanto de forma est\u00e1tica como de forma din\u00e1mica, es decir, el \u00e1rbol de navegaci\u00f3n; y todos los elementos integrados tanto en los interfaces de pantalla en el \u00e1rbol de navegaci\u00f3n (en adelante contenido), y todos aquellos servicios o recursos en l\u00ednea, en cuyo caso se ofrecen a los usuarios (en adelante, servicios). El Olivo se reserva la facultad de modificar, en cualquier momento y sin aviso previo, la presentaci\u00f3n y configuraci\u00f3n del sitio web y de los contenidos y servicios que podemos incorporar. El usuario reconoce y acepta que en cualquier momento el olivo pueda interrumpir, desactivar y\/o cancelar cualquiera de estos elementos se integran en el sitio web o el acceso a ella. El acceso al sitio web el usuario es libre y, como regla general, es libre, sin que el usuario deba proporcionar una consideraci\u00f3n para disfrutar de ella, excepto en relaci\u00f3n con el coste de conexi\u00f3n a trav\u00e9s de la red de telecomunicaciones suministrada por el proveedor de acceso que tendr\u00e1 El usuario para ser contratados. El uso de cualquiera de los contenidos o servicios del sitio web puede ser hecha por la suscripci\u00f3n o registro previo del usuario. Usuario el acceso, navegaci\u00f3n y uso del sitio web, as\u00ed como los espacios para la interacci\u00f3n entre los usuarios y el usuario y el olivo, tales como los ex\u00e1menes y\/o espacios de bloques, el estado del usuario, por lo que ser\u00e1n aceptadas, como la navegaci\u00f3n se inicia por el sitio web, con todas las condiciones aqu\u00ed establecidas, as\u00ed como a sus posteriores modificaciones, sin perjuicio de la aplicaci\u00f3n de la aplicaci\u00f3n de la correspondencia de la regi\u00f3n del cumplimiento legal. Teniendo en cuenta la relevancia de lo anterior, es recomendable leerlas cada vez que visite el sitio web. La p\u00e1gina web del restaurante el Olivo ofrece una gran diversidad de informaci\u00f3n, servicios y datos. El usuario asume su responsabilidad de hacer un uso correcto del sitio web. Esta responsabilidad se extiende a: el uso de la informaci\u00f3n, contenidos y\/o servicios y datos ofrecidos por el restaurante olivi, sin ser contrario a las disposiciones de estos t\u00e9rminos y condiciones, la ley, la moral o el orden p\u00fablico, o que de cualquier otro modo puedan suponer lesi\u00f3n de los derechos de terceros o del mismo funcionamiento del sitio web. La veracidad y licitud de las informaciones aportadas por el usuario en los formularios extendidos por el restaurante Olivo para el acceso a ciertos contenidos o servicios ofrecidos por el sitio web. En cualquier caso, el usuario ser\u00e1 notificado de inmediato al restaurante El Olivo acerca de cualquier hecho que permita el uso indebido de la informaci\u00f3n registrada en formas de palabras, tales como, pero no limitado a, su robo, extrav\u00edo o el acceso no autorizado a los identificadores y\/o contrase\u00f1as, con el fin de proceder a su inmediata cancelaci\u00f3n. El restaurante Oliva se reserva el derecho de retirar todos aquellos comentarios y aportaciones que vulneren el derecho, el respeto de la dignidad de la persona, que sean discriminatorios, xen\u00f3fobos, racistas, pornogr\u00e1ficos, spam, que amenazan a la juventud o la infancia, el orden o la seguridad p\u00fablica o que, a su juicio, no resultaran adecuados para su publicaci\u00f3n. En cualquier caso, el aceite no ser\u00e1 responsable de las opiniones vertidas por los usuarios a trav\u00e9s de comentarios o en otras herramientas de blogs u otras inversiones que pueden existir. El simple acceso a este sitio web no implica ning\u00fan tipo de relaci\u00f3n comercial entre la oliva y el usuario. El usuario declara que es mayor de edad y dispone de capacidad legal suficiente para vincular a s\u00ed mismos la causa de estas condiciones. Por lo tanto, este sitio de El restaurante el Olivo no est\u00e1 dirigido a menores de edad. El olivo no acepta ninguna responsabilidad por el incumplimiento de este requisito. El sitio web tiene por objeto, principalmente, a los usuarios que residen en Espa\u00f1a. El \u00e1rbol de olivo, no estoy seguro de Que el sitio web cumple con las leyes de otros pa\u00edses, total o parcialmente. Si el usuario resida o tenga su domicilio en otro lugar y decide acceder y\/o navegar en el sitio web, usted lo hace bajo su propia responsabilidad, debe asegurarse de que dicho acceso y navegaci\u00f3n a cumplir con las leyes locales aplicables, sin asumir que el de oliva reiniciar cualquier responsabilidad que pudiera derivarse de dicho acceso. Iii. El acceso y navegaci\u00f3n en el sitio web: exclusi\u00f3n de garant\u00edas y de responsabilidad El olivo no garantiza la continuidad, disponibilidad y utilidad del sitio web o el contenido o servicios. El \u00c1rbol de Olivo har\u00e1 todo lo posible para el correcto funcionamiento de la web, pero no ser\u00e1 responsable ni garantiza que el acceso a este sitio web puede que no sea ininterrumpido o libre de errores. No es responsable ni garantiza que el contenido o software al que usted pueda acceder a trav\u00e9s de este sitio web estar\u00e1 libre de error o de causar Da\u00f1o a su sistema inform\u00e1tico (software y hardware) del usuario. En cualquier caso, el olivo ser\u00e1 responsable por las p\u00e9rdidas, da\u00f1os o perjuicios de cualquier tipo que surjan por el acceso, navegaci\u00f3n y uso del sitio web, incluyendo, pero no limit\u00e1ndose, a los ocasionados a los sistemas inform\u00e1ticos o los provocados por la introducci\u00f3n de virus. El olivo es no se hace responsable de los perjuicios que pueda causar a los usuarios por un uso inadecuado de este sitio web. En particular, no se hace responsable, en la cabeza de las ca\u00eddas, interrupciones, falta o defecto de las telecomunicaciones que pudieran ocurrir. Iv. La pol\u00edtica de entrada informa que el sitio web del restaurante el Olivo hace o puede hacer disponible para el centro de los enlaces (tales como, entre otros, links, banners, botones), directorios y motores de b\u00fasqueda que permiten a los usuarios acceder a sitios web pertenecientes y\/o gestionados por terceros. La instalaci\u00f3n de estos Enlaces, directorios y motores de b\u00fasqueda de la p\u00e1gina web est\u00e1 dise\u00f1ada para ayudar a los usuarios la b\u00fasqueda y acceso a la informaci\u00f3n disponible en Internet, sin considerarse una sugerencia, recomendaci\u00f3n o invitaci\u00f3n para la visita. El Olivo no ofrece, ni comercializa por s\u00ed ni por medio de terceros los productos y\/o servicios disponibles en dichos sitios enlazados. Asimismo, tampoco garantizar\u00e1 la disponibilidad t\u00e9cnica, exactitud, veracidad, validez o legalidad de p\u00e1ginas web ajenas a su propiedad a las que se puede acceder a trav\u00e9s de los enlaces. El \u00e1rbol de olivo en ning\u00fan caso, de revisi\u00f3n o control sobre el contenido de otros sitios web, ni aprueba, examina o se producen los productos y los servicios, contenido, archivos y cualquier otra clase de material existente en los sitios enlazados mencionado. El olivo no asume ninguna responsabilidad por cualquier da\u00f1o que pueda ser causado por el acceso, uso, calidad, o directamente en el contenido, comunicaciones, opiniones, productos y servicios de los sitios web no gestionados por el olivo, y que est\u00e1n vinculados a este sitio web. El usuario o de un tercero para hacer un hiperv\u00ednculo a un sitio web, distinto, diferente, un lugar para la p\u00e1gina web del restaurante el Olivo, usted debe saber que: El no se permitir\u00e1 la reproducci\u00f3n, total o parcialmente, de cualquiera de los contenidos y\/o servicios del sitio web sin el permiso expreso del restaurante el Olivo. No se permite ning\u00fan tipo de manifestaci\u00f3n falsa, inexacta o incorrecta acerca de la p\u00e1gina web del restaurante el Olivo, ni en sus contenidos y\/o servicios. Con la excepci\u00f3n del &#034;hiperenlace&#034;, la p\u00e1gina web en la que se establece Hyperlace no contienen ning\u00fan elemento de esta web, obras protegidas como propiedad intelectual por el ordenamiento jur\u00eddico espa\u00f1ol, salvo con la autorizaci\u00f3n expresa de El restaurante el Olivo. El establecimiento del hiperv\u00ednculo no implicar\u00e1 la existencia de relaciones entre el olivo y La cabeza de el sitio web desde el cual se realice, ni el conocimiento y aceptaci\u00f3n de las restaurante, rodeado de olivos de los contenidos, servicios y\/o actividades ofrecidos por el sitio web, y viceversa. V. Propiedad intelectual e industrial de La aceituna del \u00e1rbol en s\u00ed mismo o como parte asignada, es el propietario de todos los derechos de propiedad intelectual e industrial del sitio web, as\u00ed como de los elementos que est\u00e1n all\u00ed (a trav\u00e9s de declaraciones y no exhaustiva, im\u00e1genes, sonido, audio, v\u00eddeo, software o textos; marcas o logotipos, combinaciones de colores, estructura y dise\u00f1o, selecci\u00f3n de materiales usados, programas de ordenador necesarios para su funcionamiento, acceso y uso, etc...). Por consiguiente, obras protegidas como propiedad intelectual por el ordenamiento jur\u00eddico espa\u00f1ol, siendo aplicables tanto en la normativa espa\u00f1ola como a la comunidad en este campo, as\u00ed como los tratados internacionales relativos a la materia y suscritos por Espa\u00f1a. Todos los derechos Reservados. En virtud de las disposiciones de la ley de propiedad intelectual, la reproducci\u00f3n, distribuci\u00f3n y comunicaci\u00f3n p\u00fablica est\u00e1 prohibido expresamente, incluida su modalidad de puesta a disposici\u00f3n, de la totalidad o parte de los contenidos de esta p\u00e1gina web, con fines comerciales, en cualquier soporte y por cualquier medio t\u00e9cnico, sin la autorizaci\u00f3n de el restaurante El Olivo. El usuario se compromete a respetar los derechos de propiedad intelectual e industrial de El restaurante el Olivo. Podr\u00e1 visualizar los elementos del sitio web o incluso imprimirlos, copiarlos y almacenarlos en el disco duro de su ordenador o en cualquier otro soporte f\u00edsico siempre que sea para uso exclusivamente personal. Sin embargo, el usuario no podr\u00e1 suprimir, alterar, eludir o manipular cualquier dispositivo de protecci\u00f3n o sistema de seguridad instalado en el sitio web. En el caso de que cualquier usuario o un tercero considere que cualquiera de los contenidos del sitio web implica La violaci\u00f3n de los derechos de protecci\u00f3n de la propiedad intelectual debe comunicarse de inmediato Al restaurante el Olivo a trav\u00e9s de la secci\u00f3n de informaci\u00f3n de contacto secci\u00f3n de informaci\u00f3n general de este aviso legal y los t\u00e9rminos y condiciones de uso. Vi. Acciones legales, legislaci\u00f3n aplicable y jurisdicci\u00f3n Las reservas de petr\u00f3leo de la potencia de presentar las acciones civiles o penales que considere necesarios para el uso incorrecto del sitio web y contenidos o por el incumplimiento de las presentes condiciones. La relaci\u00f3n entre el usuario y el olivo se regir\u00e1n por la normativa vigente y aplicable en el territorio espa\u00f1ol. Si hay cualquier controversia relativa a la interpretaci\u00f3n y\/o aplicaci\u00f3n de las presentes condiciones, las partes someten su controversia a la jurisdicci\u00f3n ordinaria, el env\u00edo a los jueces y tribunales que correspondan a la ley.<\/p>\t\t\t\t\t\t\t\t<\/div>\n\t\t\t\t<\/div>\n\t\t\t\t\t<\/div>\n\t\t\t\t<\/div>\n\t\t\t\t<\/div>","protected":false},"excerpt":{"rendered":"<p>Av\u00eds legal I. Informaci\u00f3 general En compliment del deure d&#8217;informaci\u00f3 proporcionada a la llei 34\/2002 sobre serveis de la Societat de la Informaci\u00f3 i Comer\u00e7 electr\u00f2nic (LSSI-CE) de l&#8217;11 de juliol, es faciliten les dades d&#8217;informaci\u00f3 generals seg\u00fcents d&#8217;aquest lloc web: es faciliten: Es fa la propietat d\u2019aquest lloc web, elalivoreuant.com, (en endavant, lloc web): [&hellip;]<\/p>\n","protected":false},"author":2,"featured_media":0,"parent":0,"menu_order":11,"comment_status":"closed","ping_status":"closed","template":"elementor_header_footer","meta":{"_joinchat":[],"footnotes":""},"class_list":["post-16","page","type-page","status-publish","hentry"],"yoast_head":"<!-- This site is optimized with the Yoast SEO plugin v27.3 - https:\/\/yoast.com\/product\/yoast-seo-wordpress\/ -->\n<title>Aviso legal - El Olivo Restaurant<\/title>\n<meta name=\"robots\" content=\"noindex, follow\" \/>\n<meta property=\"og:locale\" content=\"es_ES\" \/>\n<meta property=\"og:type\" content=\"article\" \/>\n<meta property=\"og:title\" content=\"Aviso legal - El Olivo Restaurant\" \/>\n<meta property=\"og:description\" content=\"Av\u00eds legal I. Informaci\u00f3 general En compliment del deure d&#8217;informaci\u00f3 proporcionada a la llei 34\/2002 sobre serveis de la Societat de la Informaci\u00f3 i Comer\u00e7 electr\u00f2nic (LSSI-CE) de l&#8217;11 de juliol, es faciliten les dades d&#8217;informaci\u00f3 generals seg\u00fcents d&#8217;aquest lloc web: es faciliten: Es fa la propietat d\u2019aquest lloc web, elalivoreuant.com, (en endavant, lloc web): [&hellip;]\" \/>\n<meta property=\"og:url\" content=\"https:\/\/elolivorestaurant.com\/es\/legal\/\" \/>\n<meta property=\"og:site_name\" content=\"El Olivo Restaurant\" \/>\n<meta property=\"article:modified_time\" content=\"2025-04-25T19:07:25+00:00\" \/>\n<meta name=\"twitter:card\" content=\"summary_large_image\" \/>\n<meta name=\"twitter:label1\" content=\"Tiempo de lectura\" \/>\n\t<meta name=\"twitter:data1\" content=\"8 minutos\" \/>\n<script type=\"application\/ld+json\" class=\"yoast-schema-graph\">{\"@context\":\"https:\\\/\\\/schema.org\",\"@graph\":[{\"@type\":\"WebPage\",\"@id\":\"https:\\\/\\\/elolivorestaurant.com\\\/legal\\\/\",\"url\":\"https:\\\/\\\/elolivorestaurant.com\\\/legal\\\/\",\"name\":\"Aviso legal - El Olivo Restaurant\",\"isPartOf\":{\"@id\":\"https:\\\/\\\/elolivorestaurant.com\\\/#website\"},\"datePublished\":\"2025-01-27T07:51:21+00:00\",\"dateModified\":\"2025-04-25T19:07:25+00:00\",\"breadcrumb\":{\"@id\":\"https:\\\/\\\/elolivorestaurant.com\\\/legal\\\/#breadcrumb\"},\"inLanguage\":\"es\",\"potentialAction\":[{\"@type\":\"ReadAction\",\"target\":[\"https:\\\/\\\/elolivorestaurant.com\\\/legal\\\/\"]}]},{\"@type\":\"BreadcrumbList\",\"@id\":\"https:\\\/\\\/elolivorestaurant.com\\\/legal\\\/#breadcrumb\",\"itemListElement\":[{\"@type\":\"ListItem\",\"position\":1,\"name\":\"Portada\",\"item\":\"https:\\\/\\\/elolivorestaurant.com\\\/\"},{\"@type\":\"ListItem\",\"position\":2,\"name\":\"Aviso legal\"}]},{\"@type\":\"WebSite\",\"@id\":\"https:\\\/\\\/elolivorestaurant.com\\\/#website\",\"url\":\"https:\\\/\\\/elolivorestaurant.com\\\/\",\"name\":\"El Olivo Restaurant\",\"description\":\"\",\"publisher\":{\"@id\":\"https:\\\/\\\/elolivorestaurant.com\\\/#organization\"},\"potentialAction\":[{\"@type\":\"SearchAction\",\"target\":{\"@type\":\"EntryPoint\",\"urlTemplate\":\"https:\\\/\\\/elolivorestaurant.com\\\/?s={search_term_string}\"},\"query-input\":{\"@type\":\"PropertyValueSpecification\",\"valueRequired\":true,\"valueName\":\"search_term_string\"}}],\"inLanguage\":\"es\"},{\"@type\":\"Organization\",\"@id\":\"https:\\\/\\\/elolivorestaurant.com\\\/#organization\",\"name\":\"El Olivo Restaurant\",\"url\":\"https:\\\/\\\/elolivorestaurant.com\\\/\",\"logo\":{\"@type\":\"ImageObject\",\"inLanguage\":\"es\",\"@id\":\"https:\\\/\\\/elolivorestaurant.com\\\/#\\\/schema\\\/logo\\\/image\\\/\",\"url\":\"https:\\\/\\\/elolivorestaurant.com\\\/wp-content\\\/uploads\\\/2025\\\/03\\\/cropped-logo-1.png\",\"contentUrl\":\"https:\\\/\\\/elolivorestaurant.com\\\/wp-content\\\/uploads\\\/2025\\\/03\\\/cropped-logo-1.png\",\"width\":799,\"height\":289,\"caption\":\"El Olivo Restaurant\"},\"image\":{\"@id\":\"https:\\\/\\\/elolivorestaurant.com\\\/#\\\/schema\\\/logo\\\/image\\\/\"}}]}<\/script>\n<!-- \/ Yoast SEO plugin. -->","yoast_head_json":{"title":"Aviso legal - El Olivo Restaurant","robots":{"index":"noindex","follow":"follow"},"og_locale":"es_ES","og_type":"article","og_title":"Aviso legal - El Olivo Restaurant","og_description":"Av\u00eds legal I. Informaci\u00f3 general En compliment del deure d&#8217;informaci\u00f3 proporcionada a la llei 34\/2002 sobre serveis de la Societat de la Informaci\u00f3 i Comer\u00e7 electr\u00f2nic (LSSI-CE) de l&#8217;11 de juliol, es faciliten les dades d&#8217;informaci\u00f3 generals seg\u00fcents d&#8217;aquest lloc web: es faciliten: Es fa la propietat d\u2019aquest lloc web, elalivoreuant.com, (en endavant, lloc web): [&hellip;]","og_url":"https:\/\/elolivorestaurant.com\/es\/legal\/","og_site_name":"El Olivo Restaurant","article_modified_time":"2025-04-25T19:07:25+00:00","twitter_card":"summary_large_image","twitter_misc":{"Tiempo de lectura":"8 minutos"},"schema":{"@context":"https:\/\/schema.org","@graph":[{"@type":"WebPage","@id":"https:\/\/elolivorestaurant.com\/legal\/","url":"https:\/\/elolivorestaurant.com\/legal\/","name":"Aviso legal - El Olivo Restaurant","isPartOf":{"@id":"https:\/\/elolivorestaurant.com\/#website"},"datePublished":"2025-01-27T07:51:21+00:00","dateModified":"2025-04-25T19:07:25+00:00","breadcrumb":{"@id":"https:\/\/elolivorestaurant.com\/legal\/#breadcrumb"},"inLanguage":"es","potentialAction":[{"@type":"ReadAction","target":["https:\/\/elolivorestaurant.com\/legal\/"]}]},{"@type":"BreadcrumbList","@id":"https:\/\/elolivorestaurant.com\/legal\/#breadcrumb","itemListElement":[{"@type":"ListItem","position":1,"name":"Portada","item":"https:\/\/elolivorestaurant.com\/"},{"@type":"ListItem","position":2,"name":"Aviso legal"}]},{"@type":"WebSite","@id":"https:\/\/elolivorestaurant.com\/#website","url":"https:\/\/elolivorestaurant.com\/","name":"El Olivo Restaurant","description":"","publisher":{"@id":"https:\/\/elolivorestaurant.com\/#organization"},"potentialAction":[{"@type":"SearchAction","target":{"@type":"EntryPoint","urlTemplate":"https:\/\/elolivorestaurant.com\/?s={search_term_string}"},"query-input":{"@type":"PropertyValueSpecification","valueRequired":true,"valueName":"search_term_string"}}],"inLanguage":"es"},{"@type":"Organization","@id":"https:\/\/elolivorestaurant.com\/#organization","name":"El Olivo Restaurant","url":"https:\/\/elolivorestaurant.com\/","logo":{"@type":"ImageObject","inLanguage":"es","@id":"https:\/\/elolivorestaurant.com\/#\/schema\/logo\/image\/","url":"https:\/\/elolivorestaurant.com\/wp-content\/uploads\/2025\/03\/cropped-logo-1.png","contentUrl":"https:\/\/elolivorestaurant.com\/wp-content\/uploads\/2025\/03\/cropped-logo-1.png","width":799,"height":289,"caption":"El Olivo Restaurant"},"image":{"@id":"https:\/\/elolivorestaurant.com\/#\/schema\/logo\/image\/"}}]}},"_links":{"self":[{"href":"https:\/\/elolivorestaurant.com\/es\/wp-json\/wp\/v2\/pages\/16","targetHints":{"allow":["GET"]}}],"collection":[{"href":"https:\/\/elolivorestaurant.com\/es\/wp-json\/wp\/v2\/pages"}],"about":[{"href":"https:\/\/elolivorestaurant.com\/es\/wp-json\/wp\/v2\/types\/page"}],"author":[{"embeddable":true,"href":"https:\/\/elolivorestaurant.com\/es\/wp-json\/wp\/v2\/users\/2"}],"replies":[{"embeddable":true,"href":"https:\/\/elolivorestaurant.com\/es\/wp-json\/wp\/v2\/comments?post=16"}],"version-history":[{"count":11,"href":"https:\/\/elolivorestaurant.com\/es\/wp-json\/wp\/v2\/pages\/16\/revisions"}],"predecessor-version":[{"id":488,"href":"https:\/\/elolivorestaurant.com\/es\/wp-json\/wp\/v2\/pages\/16\/revisions\/488"}],"wp:attachment":[{"href":"https:\/\/elolivorestaurant.com\/es\/wp-json\/wp\/v2\/media?parent=16"}],"curies":[{"name":"wp","href":"https:\/\/api.w.org\/{rel}","templated":true}]}}